{"id":15,"date":"2021-02-25T17:33:34","date_gmt":"2021-02-25T16:33:34","guid":{"rendered":"http:\/\/collectif-laudace.fr\/?page_id=15"},"modified":"2021-10-14T09:59:59","modified_gmt":"2021-10-14T07:59:59","slug":"agenda","status":"publish","type":"page","link":"https:\/\/collectif-laudace.fr\/index.php\/agenda\/","title":{"rendered":"Agenda"},"content":{"rendered":"\n<p>D\u00e9couvrez les dates importantes du collectif<\/p>\n\n\n\n<div class=\"wp-block-image\"><figure class=\"aligncenter size-mesmerize-full-hd is-resized\"><img src=\"http:\/\/collectif-laudace.fr\/wp-content\/uploads\/2021\/10\/affiche_A4-764x1080.jpg\" alt=\"March\u00e9 des producteurs et cr\u00e9ateurs, + de 40 exposants, foodtrucks, buvette, tombola gratuite, jeu gonflable, participation du Fablab : dr\u00f4ne, r\u00e9alit\u00e9 virtuelle...\nPr\u00e9parez vos repas et cadeaux de fin d'ann\u00e9e, en passant une tr\u00e8s bonne journ\u00e9e avec vos artisans locaux.\" class=\"wp-image-450\" height=\"773\" srcset=\"https:\/\/collectif-laudace.fr\/wp-content\/uploads\/2021\/10\/affiche_A4-764x1080.jpg 764w, https:\/\/collectif-laudace.fr\/wp-content\/uploads\/2021\/10\/affiche_A4-212x300.jpg 212w, https:\/\/collectif-laudace.fr\/wp-content\/uploads\/2021\/10\/affiche_A4-724x1024.jpg 724w, https:\/\/collectif-laudace.fr\/wp-content\/uploads\/2021\/10\/affiche_A4-768x1086.jpg 768w, https:\/\/collectif-laudace.fr\/wp-content\/uploads\/2021\/10\/affiche_A4-1086x1536.jpg 1086w, https:\/\/collectif-laudace.fr\/wp-content\/uploads\/2021\/10\/affiche_A4-1448x2048.jpg 1448w, https:\/\/collectif-laudace.fr\/wp-content\/uploads\/2021\/10\/affiche_A4-1024x1448.jpg 1024w, https:\/\/collectif-laudace.fr\/wp-content\/uploads\/2021\/10\/affiche_A4-scaled.jpg 1810w\" sizes=\"(max-width: 764px) 100vw, 764px\" \/><\/figure><\/div>\n\n\n\n<div style=\"height:100px\" aria-hidden=\"true\" class=\"wp-block-spacer\"><\/div>\n\n\n\n<h4 class=\"has-text-align-center\"><strong>Ev\u00e8nements termin\u00e9s <\/strong><\/h4>\n\n\n\n<div class=\"wp-block-image\"><figure class=\"aligncenter size-large\"><img loading=\"lazy\" width=\"724\" height=\"1024\" src=\"http:\/\/collectif-laudace.fr\/wp-content\/uploads\/2021\/06\/205595954_135974808635558_1624689021236717424_n-724x1024.jpg\" alt=\"\" class=\"wp-image-405\" srcset=\"https:\/\/collectif-laudace.fr\/wp-content\/uploads\/2021\/06\/205595954_135974808635558_1624689021236717424_n-724x1024.jpg 724w, https:\/\/collectif-laudace.fr\/wp-content\/uploads\/2021\/06\/205595954_135974808635558_1624689021236717424_n-212x300.jpg 212w, https:\/\/collectif-laudace.fr\/wp-content\/uploads\/2021\/06\/205595954_135974808635558_1624689021236717424_n-768x1086.jpg 768w, https:\/\/collectif-laudace.fr\/wp-content\/uploads\/2021\/06\/205595954_135974808635558_1624689021236717424_n-1086x1536.jpg 1086w, https:\/\/collectif-laudace.fr\/wp-content\/uploads\/2021\/06\/205595954_135974808635558_1624689021236717424_n-1024x1448.jpg 1024w, https:\/\/collectif-laudace.fr\/wp-content\/uploads\/2021\/06\/205595954_135974808635558_1624689021236717424_n-764x1080.jpg 764w, https:\/\/collectif-laudace.fr\/wp-content\/uploads\/2021\/06\/205595954_135974808635558_1624689021236717424_n.jpg 1448w\" sizes=\"(max-width: 724px) 100vw, 724px\" \/><\/figure><\/div>\n\n\n\n<div class=\"wp-block-file\"><a href=\"http:\/\/collectif-laudace.fr\/wp-content\/uploads\/2021\/06\/dossier-candidature-marche-nocture-17-07-2013-1.pdf\">dossier-candidature-marche-nocture-17-07-2013-1<\/a><a href=\"http:\/\/collectif-laudace.fr\/wp-content\/uploads\/2021\/06\/dossier-candidature-marche-nocture-17-07-2013-1.pdf\" class=\"wp-block-file__button\" download>Download<\/a><\/div>\n\n\n\n<p><\/p>\n\n\n\n<h3 class=\"has-text-align-center\"><strong>T\u00e9l\u00e9chargez puis compl\u00e9tez votre dossier d&#8217;inscription et renvoyez le par mail \u00e0 laudacecollectif@gmail.com.<\/strong><\/h3>\n\n\n\n<div style=\"height:100px\" aria-hidden=\"true\" class=\"wp-block-spacer\"><\/div>\n\n\n\n<div class=\"wp-block-image\"><figure class=\"aligncenter size-mesmerize-full-hd is-resized\"><img src=\"http:\/\/collectif-laudace.fr\/wp-content\/uploads\/2021\/05\/181810096_158980119561646_2650440674756768268_n-764x1080.jpg\" alt=\"\" class=\"wp-image-359\" width=\"552\" srcset=\"https:\/\/collectif-laudace.fr\/wp-content\/uploads\/2021\/05\/181810096_158980119561646_2650440674756768268_n-764x1080.jpg 764w, https:\/\/collectif-laudace.fr\/wp-content\/uploads\/2021\/05\/181810096_158980119561646_2650440674756768268_n-212x300.jpg 212w, https:\/\/collectif-laudace.fr\/wp-content\/uploads\/2021\/05\/181810096_158980119561646_2650440674756768268_n-724x1024.jpg 724w, https:\/\/collectif-laudace.fr\/wp-content\/uploads\/2021\/05\/181810096_158980119561646_2650440674756768268_n-768x1086.jpg 768w, https:\/\/collectif-laudace.fr\/wp-content\/uploads\/2021\/05\/181810096_158980119561646_2650440674756768268_n-1086x1536.jpg 1086w, https:\/\/collectif-laudace.fr\/wp-content\/uploads\/2021\/05\/181810096_158980119561646_2650440674756768268_n-1024x1448.jpg 1024w, https:\/\/collectif-laudace.fr\/wp-content\/uploads\/2021\/05\/181810096_158980119561646_2650440674756768268_n.jpg 1240w\" sizes=\"(max-width: 764px) 100vw, 764px\" \/><figcaption>Cr\u00e9ations artisanales locales \u00e0 retrouver au petit march\u00e9 des cr\u00e9ateurs le 22 mai 2021, vieux bourg de Rocheservi\u00e8re, entr\u00e9e gratuite. Venez d\u00e9couvrir les talents de 9h00 \u00e0 18h00, place du Sabotier, grande rue, Rocheservi\u00e8re 85620.<\/figcaption><\/figure><\/div>\n","protected":false},"excerpt":{"rendered":"<p>D\u00e9couvrez les dates importantes du collectif Ev\u00e8nements termin\u00e9s T\u00e9l\u00e9chargez puis compl\u00e9tez votre dossier d&#8217;inscription et renvoyez le par mail \u00e0 laudacecollectif@gmail.com.<\/p>\n","protected":false},"author":1,"featured_media":0,"parent":0,"menu_order":0,"comment_status":"closed","ping_status":"closed","template":"","meta":[],"yoast_head":"<!-- This site is optimized with the Yoast SEO plugin v15.9 - https:\/\/yoast.com\/wordpress\/plugins\/seo\/ -->\n<title>Agenda - Association L&#039;Audace<\/title>\n<meta name=\"robots\" content=\"index, follow, max-snippet:-1, max-image-preview:large, max-video-preview:-1\" \/>\n<link rel=\"canonical\" href=\"http:\/\/collectif-laudace.fr\/index.php\/agenda\/\" \/>\n<meta property=\"og:locale\" content=\"en_US\" \/>\n<meta property=\"og:type\" content=\"article\" \/>\n<meta property=\"og:title\" content=\"Agenda - Association L&#039;Audace\" \/>\n<meta property=\"og:description\" content=\"D\u00e9couvrez les dates importantes du collectif Ev\u00e8nements termin\u00e9s T\u00e9l\u00e9chargez puis compl\u00e9tez votre dossier d&#8217;inscription et renvoyez le par mail \u00e0 laudacecollectif@gmail.com.\" \/>\n<meta property=\"og:url\" content=\"http:\/\/collectif-laudace.fr\/index.php\/agenda\/\" \/>\n<meta property=\"og:site_name\" content=\"Association L&#039;Audace\" \/>\n<meta property=\"article:modified_time\" content=\"2021-10-14T07:59:59+00:00\" \/>\n<meta property=\"og:image\" content=\"http:\/\/collectif-laudace.fr\/wp-content\/uploads\/2021\/10\/affiche_A4-764x1080.jpg\" \/>\n<meta name=\"twitter:card\" content=\"summary_large_image\" \/>\n<meta name=\"twitter:label1\" content=\"Est. reading time\">\n\t<meta name=\"twitter:data1\" content=\"1 minute\">\n<script type=\"application\/ld+json\" class=\"yoast-schema-graph\">{\"@context\":\"https:\/\/schema.org\",\"@graph\":[{\"@type\":\"WebSite\",\"@id\":\"https:\/\/collectif-laudace.fr\/#website\",\"url\":\"https:\/\/collectif-laudace.fr\/\",\"name\":\"Association L&#039;Audace\",\"description\":\"Collectif d&#039;Artisans Cr\\u00e9ateurs des Pays de la Loire\",\"potentialAction\":[{\"@type\":\"SearchAction\",\"target\":\"https:\/\/collectif-laudace.fr\/?s={search_term_string}\",\"query-input\":\"required name=search_term_string\"}],\"inLanguage\":\"en-US\"},{\"@type\":\"ImageObject\",\"@id\":\"http:\/\/collectif-laudace.fr\/index.php\/agenda\/#primaryimage\",\"inLanguage\":\"en-US\",\"url\":\"http:\/\/collectif-laudace.fr\/wp-content\/uploads\/2021\/10\/affiche_A4-764x1080.jpg\"},{\"@type\":\"WebPage\",\"@id\":\"http:\/\/collectif-laudace.fr\/index.php\/agenda\/#webpage\",\"url\":\"http:\/\/collectif-laudace.fr\/index.php\/agenda\/\",\"name\":\"Agenda - Association L&#039;Audace\",\"isPartOf\":{\"@id\":\"https:\/\/collectif-laudace.fr\/#website\"},\"primaryImageOfPage\":{\"@id\":\"http:\/\/collectif-laudace.fr\/index.php\/agenda\/#primaryimage\"},\"datePublished\":\"2021-02-25T16:33:34+00:00\",\"dateModified\":\"2021-10-14T07:59:59+00:00\",\"breadcrumb\":{\"@id\":\"http:\/\/collectif-laudace.fr\/index.php\/agenda\/#breadcrumb\"},\"inLanguage\":\"en-US\",\"potentialAction\":[{\"@type\":\"ReadAction\",\"target\":[\"http:\/\/collectif-laudace.fr\/index.php\/agenda\/\"]}]},{\"@type\":\"BreadcrumbList\",\"@id\":\"http:\/\/collectif-laudace.fr\/index.php\/agenda\/#breadcrumb\",\"itemListElement\":[{\"@type\":\"ListItem\",\"position\":1,\"item\":{\"@type\":\"WebPage\",\"@id\":\"https:\/\/collectif-laudace.fr\/\",\"url\":\"https:\/\/collectif-laudace.fr\/\",\"name\":\"Accueil\"}},{\"@type\":\"ListItem\",\"position\":2,\"item\":{\"@type\":\"WebPage\",\"@id\":\"http:\/\/collectif-laudace.fr\/index.php\/agenda\/\",\"url\":\"http:\/\/collectif-laudace.fr\/index.php\/agenda\/\",\"name\":\"Agenda\"}}]}]}<\/script>\n<!-- \/ Yoast SEO plugin. -->","_links":{"self":[{"href":"https:\/\/collectif-laudace.fr\/index.php\/wp-json\/wp\/v2\/pages\/15"}],"collection":[{"href":"https:\/\/collectif-laudace.fr\/index.php\/wp-json\/wp\/v2\/pages"}],"about":[{"href":"https:\/\/collectif-laudace.fr\/index.php\/wp-json\/wp\/v2\/types\/page"}],"author":[{"embeddable":true,"href":"https:\/\/collectif-laudace.fr\/index.php\/wp-json\/wp\/v2\/users\/1"}],"replies":[{"embeddable":true,"href":"https:\/\/collectif-laudace.fr\/index.php\/wp-json\/wp\/v2\/comments?post=15"}],"version-history":[{"count":9,"href":"https:\/\/collectif-laudace.fr\/index.php\/wp-json\/wp\/v2\/pages\/15\/revisions"}],"predecessor-version":[{"id":453,"href":"https:\/\/collectif-laudace.fr\/index.php\/wp-json\/wp\/v2\/pages\/15\/revisions\/453"}],"wp:attachment":[{"href":"https:\/\/collectif-laudace.fr\/index.php\/wp-json\/wp\/v2\/media?parent=15"}],"curies":[{"name":"wp","href":"https:\/\/api.w.org\/{rel}","templated":true}]}}