{"id":7,"date":"2021-02-25T17:33:34","date_gmt":"2021-02-25T16:33:34","guid":{"rendered":"http:\/\/collectif-laudace.fr\/?page_id=7"},"modified":"2021-03-03T19:19:03","modified_gmt":"2021-03-03T18:19:03","slug":"nous-rejoindre","status":"publish","type":"page","link":"https:\/\/collectif-laudace.fr\/index.php\/nous-rejoindre\/","title":{"rendered":"Nous rejoindre"},"content":{"rendered":"\n<p class=\"has-text-align-center has-medium-font-size\"><strong>Vous \u00eates artiste et voulez nous rejoindre, voici quelques informations pour vous<\/strong>. <\/p>\n\n\n\n<div style=\"height:100px\" aria-hidden=\"true\" class=\"wp-block-spacer\"><\/div>\n\n\n\n<div class=\"wp-block-image\"><figure class=\"aligncenter size-large\"><img loading=\"lazy\" width=\"427\" height=\"283\" src=\"http:\/\/collectif-laudace.fr\/wp-content\/uploads\/2021\/02\/2021-02-25_17h51_05.png\" alt=\"\" class=\"wp-image-41\" srcset=\"https:\/\/collectif-laudace.fr\/wp-content\/uploads\/2021\/02\/2021-02-25_17h51_05.png 427w, https:\/\/collectif-laudace.fr\/wp-content\/uploads\/2021\/02\/2021-02-25_17h51_05-300x199.png 300w, https:\/\/collectif-laudace.fr\/wp-content\/uploads\/2021\/02\/2021-02-25_17h51_05-91x60.png 91w\" sizes=\"(max-width: 427px) 100vw, 427px\" \/><\/figure><\/div>\n\n\n\n<p><\/p>\n\n\n\n<h4><\/h4>\n\n\n\n<div style=\"height:100px\" aria-hidden=\"true\" class=\"wp-block-spacer\"><\/div>\n\n\n\n<h4>Le collectif accueille des cr\u00e9ateurs dans tous les domaines. Le champs est vaste et nous ne souhaitons pas le limiter. Si l&#8217;id\u00e9e vous plait de collaborer ensemble, d&#8217;avoir des projets communs, que l&#8217;entraide fait partie de vos diverses qualit\u00e9s, prenez quelques minutes pour lire le r\u00e8glement int\u00e9rieur et nous faire parvenir votre bulletin d&#8217;inscription.<\/h4>\n\n\n\n<h4>Toutes les demandes sont \u00e9tudi\u00e9es, une r\u00e9ponse vous sera donn\u00e9e.<\/h4>\n\n\n\n<h4><strong>Vous trouverez ci dessous, le dossier d&#8217;inscription \u00e0 t\u00e9l\u00e9charger et compl\u00e9ter puis \u00e0 nous envoyer par mail \u00e0 laudacecollectif@gmail.com. <\/strong><\/h4>\n\n\n\n<div style=\"height:100px\" aria-hidden=\"true\" class=\"wp-block-spacer\"><\/div>\n\n\n\n<div class=\"wp-block-file\"><a href=\"http:\/\/collectif-laudace.fr\/wp-content\/uploads\/2021\/02\/Demande-inscription.pdf\">Demande-inscription<\/a><a href=\"http:\/\/collectif-laudace.fr\/wp-content\/uploads\/2021\/02\/Demande-inscription.pdf\" class=\"wp-block-file__button\" download>T\u00e9l\u00e9charger<\/a><\/div>\n\n\n\n<p><strong>Le r\u00e8glement int\u00e9rieur est disponible et consultable ici. <\/strong><\/p>\n\n\n\n<div class=\"wp-block-file\"><a href=\"http:\/\/collectif-laudace.fr\/wp-content\/uploads\/2021\/02\/reglement-interieur-Audace.pdf\">reglement-interieur-Audace<\/a><a href=\"http:\/\/collectif-laudace.fr\/wp-content\/uploads\/2021\/02\/reglement-interieur-Audace.pdf\" class=\"wp-block-file__button\" download>T\u00e9l\u00e9charger<\/a><\/div>\n\n\n\n<p><\/p>\n","protected":false},"excerpt":{"rendered":"<p>Vous \u00eates artiste et voulez nous rejoindre, voici quelques informations pour vous. Le collectif accueille des cr\u00e9ateurs dans tous les domaines. Le champs est vaste et nous ne souhaitons pas le limiter. Si l&#8217;id\u00e9e vous plait de collaborer ensemble, d&#8217;avoir des projets communs, que l&#8217;entraide fait partie de vos diverses qualit\u00e9s, prenez quelques minutes pour&hellip; <br \/> <a class=\"read-more\" href=\"https:\/\/collectif-laudace.fr\/index.php\/nous-rejoindre\/\">Read more<\/a><\/p>\n","protected":false},"author":1,"featured_media":0,"parent":0,"menu_order":0,"comment_status":"closed","ping_status":"closed","template":"","meta":[],"yoast_head":"<!-- This site is optimized with the Yoast SEO plugin v15.9 - https:\/\/yoast.com\/wordpress\/plugins\/seo\/ -->\n<title>Nous rejoindre - Association L&#039;Audace<\/title>\n<meta name=\"robots\" content=\"index, follow, max-snippet:-1, max-image-preview:large, max-video-preview:-1\" \/>\n<link rel=\"canonical\" href=\"https:\/\/collectif-laudace.fr\/index.php\/nous-rejoindre\/\" \/>\n<meta property=\"og:locale\" content=\"en_US\" \/>\n<meta property=\"og:type\" content=\"article\" \/>\n<meta property=\"og:title\" content=\"Nous rejoindre - Association L&#039;Audace\" \/>\n<meta property=\"og:description\" content=\"Vous \u00eates artiste et voulez nous rejoindre, voici quelques informations pour vous. Le collectif accueille des cr\u00e9ateurs dans tous les domaines. Le champs est vaste et nous ne souhaitons pas le limiter. Si l&#8217;id\u00e9e vous plait de collaborer ensemble, d&#8217;avoir des projets communs, que l&#8217;entraide fait partie de vos diverses qualit\u00e9s, prenez quelques minutes pour&hellip; Read more\" \/>\n<meta property=\"og:url\" content=\"https:\/\/collectif-laudace.fr\/index.php\/nous-rejoindre\/\" \/>\n<meta property=\"og:site_name\" content=\"Association L&#039;Audace\" \/>\n<meta property=\"article:modified_time\" content=\"2021-03-03T18:19:03+00:00\" \/>\n<meta property=\"og:image\" content=\"http:\/\/collectif-laudace.fr\/wp-content\/uploads\/2021\/02\/2021-02-25_17h51_05.png\" \/>\n<meta name=\"twitter:card\" content=\"summary_large_image\" \/>\n<meta name=\"twitter:label1\" content=\"Est. reading time\">\n\t<meta name=\"twitter:data1\" content=\"1 minute\">\n<script type=\"application\/ld+json\" class=\"yoast-schema-graph\">{\"@context\":\"https:\/\/schema.org\",\"@graph\":[{\"@type\":\"WebSite\",\"@id\":\"https:\/\/collectif-laudace.fr\/#website\",\"url\":\"https:\/\/collectif-laudace.fr\/\",\"name\":\"Association L&#039;Audace\",\"description\":\"Collectif d&#039;Artisans Cr\\u00e9ateurs des Pays de la Loire\",\"potentialAction\":[{\"@type\":\"SearchAction\",\"target\":\"https:\/\/collectif-laudace.fr\/?s={search_term_string}\",\"query-input\":\"required name=search_term_string\"}],\"inLanguage\":\"en-US\"},{\"@type\":\"ImageObject\",\"@id\":\"https:\/\/collectif-laudace.fr\/index.php\/nous-rejoindre\/#primaryimage\",\"inLanguage\":\"en-US\",\"url\":\"http:\/\/collectif-laudace.fr\/wp-content\/uploads\/2021\/02\/2021-02-25_17h51_05.png\"},{\"@type\":\"WebPage\",\"@id\":\"https:\/\/collectif-laudace.fr\/index.php\/nous-rejoindre\/#webpage\",\"url\":\"https:\/\/collectif-laudace.fr\/index.php\/nous-rejoindre\/\",\"name\":\"Nous rejoindre - Association L&#039;Audace\",\"isPartOf\":{\"@id\":\"https:\/\/collectif-laudace.fr\/#website\"},\"primaryImageOfPage\":{\"@id\":\"https:\/\/collectif-laudace.fr\/index.php\/nous-rejoindre\/#primaryimage\"},\"datePublished\":\"2021-02-25T16:33:34+00:00\",\"dateModified\":\"2021-03-03T18:19:03+00:00\",\"breadcrumb\":{\"@id\":\"https:\/\/collectif-laudace.fr\/index.php\/nous-rejoindre\/#breadcrumb\"},\"inLanguage\":\"en-US\",\"potentialAction\":[{\"@type\":\"ReadAction\",\"target\":[\"https:\/\/collectif-laudace.fr\/index.php\/nous-rejoindre\/\"]}]},{\"@type\":\"BreadcrumbList\",\"@id\":\"https:\/\/collectif-laudace.fr\/index.php\/nous-rejoindre\/#breadcrumb\",\"itemListElement\":[{\"@type\":\"ListItem\",\"position\":1,\"item\":{\"@type\":\"WebPage\",\"@id\":\"https:\/\/collectif-laudace.fr\/\",\"url\":\"https:\/\/collectif-laudace.fr\/\",\"name\":\"Accueil\"}},{\"@type\":\"ListItem\",\"position\":2,\"item\":{\"@type\":\"WebPage\",\"@id\":\"https:\/\/collectif-laudace.fr\/index.php\/nous-rejoindre\/\",\"url\":\"https:\/\/collectif-laudace.fr\/index.php\/nous-rejoindre\/\",\"name\":\"Nous rejoindre\"}}]}]}<\/script>\n<!-- \/ Yoast SEO plugin. -->","_links":{"self":[{"href":"https:\/\/collectif-laudace.fr\/index.php\/wp-json\/wp\/v2\/pages\/7"}],"collection":[{"href":"https:\/\/collectif-laudace.fr\/index.php\/wp-json\/wp\/v2\/pages"}],"about":[{"href":"https:\/\/collectif-laudace.fr\/index.php\/wp-json\/wp\/v2\/types\/page"}],"author":[{"embeddable":true,"href":"https:\/\/collectif-laudace.fr\/index.php\/wp-json\/wp\/v2\/users\/1"}],"replies":[{"embeddable":true,"href":"https:\/\/collectif-laudace.fr\/index.php\/wp-json\/wp\/v2\/comments?post=7"}],"version-history":[{"count":23,"href":"https:\/\/collectif-laudace.fr\/index.php\/wp-json\/wp\/v2\/pages\/7\/revisions"}],"predecessor-version":[{"id":203,"href":"https:\/\/collectif-laudace.fr\/index.php\/wp-json\/wp\/v2\/pages\/7\/revisions\/203"}],"wp:attachment":[{"href":"https:\/\/collectif-laudace.fr\/index.php\/wp-json\/wp\/v2\/media?parent=7"}],"curies":[{"name":"wp","href":"https:\/\/api.w.org\/{rel}","templated":true}]}}